{"id":1304,"date":"2024-08-06T05:54:44","date_gmt":"2024-08-06T08:54:44","guid":{"rendered":"https:\/\/lafae.ufrj.br\/?page_id=1304"},"modified":"2024-08-12T11:28:23","modified_gmt":"2024-08-12T14:28:23","slug":"nossa-historia","status":"publish","type":"page","link":"https:\/\/www.lafae.ufrj.br\/index.php\/nossa-historia\/","title":{"rendered":"Nossa Hist\u00f3ria"},"content":{"rendered":"\t\t<div data-elementor-type=\"wp-page\" data-elementor-id=\"1304\" class=\"elementor elementor-1304\">\n\t\t\t\t<div class=\"elementor-element elementor-element-42791430 e-con-full e-flex e-con e-parent\" data-id=\"42791430\" data-element_type=\"container\" data-settings=\"{&quot;background_background&quot;:&quot;classic&quot;}\">\n\t\t<div class=\"elementor-element elementor-element-7d727bd1 e-con-full e-flex e-con e-child\" data-id=\"7d727bd1\" data-element_type=\"container\">\n\t\t\t\t<div class=\"elementor-element elementor-element-661c40cd elementor-widget__width-inherit elementor-widget-divider--view-line elementor-invisible elementor-widget elementor-widget-divider\" data-id=\"661c40cd\" data-element_type=\"widget\" data-settings=\"{&quot;_animation&quot;:&quot;fadeInLeft&quot;}\" data-widget_type=\"divider.default\">\n\t\t\t\t<div class=\"elementor-widget-container\">\n\t\t\t\t\t\t\t<div class=\"elementor-divider\">\n\t\t\t<span class=\"elementor-divider-separator\">\n\t\t\t\t\t\t<\/span>\n\t\t<\/div>\n\t\t\t\t\t\t<\/div>\n\t\t\t\t<\/div>\n\t\t\t\t<div class=\"elementor-element elementor-element-7135b4e2 elementor-widget__width-initial elementor-widget-tablet__width-inherit elementor-widget elementor-widget-heading\" data-id=\"7135b4e2\" data-element_type=\"widget\" data-widget_type=\"heading.default\">\n\t\t\t\t<div class=\"elementor-widget-container\">\n\t\t\t\t\t<h2 class=\"elementor-heading-title elementor-size-default\">Hist\u00f3ria do LAFAE - Laborat\u00f3rio de Fontes Alternativas de Energia<\/h2>\t\t\t\t<\/div>\n\t\t\t\t<\/div>\n\t\t\t\t<div class=\"elementor-element elementor-element-4152f761 elementor-widget__width-initial elementor-widget-tablet__width-inherit elementor-widget elementor-widget-text-editor\" data-id=\"4152f761\" data-element_type=\"widget\" data-widget_type=\"text-editor.default\">\n\t\t\t\t<div class=\"elementor-widget-container\">\n\t\t\t\t\t\t\t\t\t<p>LAFAE foi criado em 1999, no IVIG \u2013 Instituto Virtual de Mudan\u00e7as Globais da COPPE e DEE, pelo professor Jorge Lu\u00eds Nascimento. Depois, a coordena\u00e7\u00e3o do laborat\u00f3rio passou a ser do professor Lu\u00eds Guilherme Barbosa Rolim, que tamb\u00e9m muito contribuiu para o desenvolvimento do LAFAE.<br \/><br \/><\/p>\t\t\t\t\t\t\t\t<\/div>\n\t\t\t\t<\/div>\n\t\t\t\t<\/div>\n\t\t\t\t<\/div>\n\t\t<div class=\"elementor-element elementor-element-425dbb43 e-flex e-con-boxed e-con e-parent\" data-id=\"425dbb43\" data-element_type=\"container\" data-settings=\"{&quot;background_background&quot;:&quot;classic&quot;}\">\n\t\t\t\t\t<div class=\"e-con-inner\">\n\t\t<div class=\"elementor-element elementor-element-c301342 e-con-full e-flex e-con e-child\" data-id=\"c301342\" data-element_type=\"container\">\n\t\t\t\t<div class=\"elementor-element elementor-element-43bdafd2 elementor-widget__width-inherit elementor-widget-tablet__width-inherit elementor-widget elementor-widget-text-editor\" data-id=\"43bdafd2\" data-element_type=\"widget\" data-widget_type=\"text-editor.default\">\n\t\t\t\t<div class=\"elementor-widget-container\">\n\t\t\t\t\t\t\t\t\tEm 2012, o professor Robson Dias passou a fazer parte do time e a partir de 2019 assumiu a coordena\u00e7\u00e3o do laborat\u00f3rio. E em 2023, o LAFAE realizou grandes parcerias, com projetos de pesquisa, desenvolvimento e inova\u00e7\u00e3o.\nO LAFAE busca constantemente a excel\u00eancia na pesquisa e no desenvolvimento de tecnologias que contribuem para o avan\u00e7o e a sustentabilidade do setor el\u00e9trico.\t\t\t\t\t\t\t\t<\/div>\n\t\t\t\t<\/div>\n\t\t\t\t<\/div>\n\t\t<div class=\"elementor-element elementor-element-356ccf30 e-con-full e-flex e-con e-child\" data-id=\"356ccf30\" data-element_type=\"container\">\n\t\t\t\t<div class=\"elementor-element elementor-element-31dd96d7 elementor-widget elementor-widget-image\" data-id=\"31dd96d7\" data-element_type=\"widget\" data-widget_type=\"image.default\">\n\t\t\t\t<div class=\"elementor-widget-container\">\n\t\t\t\t\t\t\t\t\t\t\t\t\t\t\t<img fetchpriority=\"high\" decoding=\"async\" width=\"819\" height=\"1024\" src=\"https:\/\/www.lafae.ufrj.br\/wp-content\/uploads\/2024\/08\/robson-819x1024.webp\" class=\"attachment-large size-large wp-image-1305\" alt=\"\" srcset=\"https:\/\/www.lafae.ufrj.br\/wp-content\/uploads\/2024\/08\/robson-819x1024.webp 819w, https:\/\/www.lafae.ufrj.br\/wp-content\/uploads\/2024\/08\/robson-240x300.webp 240w, https:\/\/www.lafae.ufrj.br\/wp-content\/uploads\/2024\/08\/robson-768x960.webp 768w, https:\/\/www.lafae.ufrj.br\/wp-content\/uploads\/2024\/08\/robson.webp 1080w\" sizes=\"(max-width: 819px) 100vw, 819px\" \/>\t\t\t\t\t\t\t\t\t\t\t\t\t\t\t<\/div>\n\t\t\t\t<\/div>\n\t\t\t\t<\/div>\n\t\t\t\t\t<\/div>\n\t\t\t\t<\/div>\n\t\t\t\t<\/div>\n\t\t","protected":false},"excerpt":{"rendered":"<p>Hist\u00f3ria do LAFAE &#8211; Laborat\u00f3rio de Fontes Alternativas de Energia LAFAE foi criado em 1999, no IVIG \u2013 Instituto Virtual de Mudan\u00e7as Globais da COPPE e DEE, pelo professor Jorge Lu\u00eds Nascimento. Depois, a coordena\u00e7\u00e3o do laborat\u00f3rio passou a ser do professor Lu\u00eds Guilherme Barbosa Rolim, que tamb\u00e9m muito contribuiu para o desenvolvimento do LAFAE. [&hellip;]<\/p>\n","protected":false},"author":3,"featured_media":0,"parent":0,"menu_order":0,"comment_status":"closed","ping_status":"closed","template":"elementor_header_footer","meta":{"footnotes":""},"class_list":["post-1304","page","type-page","status-publish","hentry","entry"],"_links":{"self":[{"href":"https:\/\/www.lafae.ufrj.br\/index.php\/wp-json\/wp\/v2\/pages\/1304","targetHints":{"allow":["GET"]}}],"collection":[{"href":"https:\/\/www.lafae.ufrj.br\/index.php\/wp-json\/wp\/v2\/pages"}],"about":[{"href":"https:\/\/www.lafae.ufrj.br\/index.php\/wp-json\/wp\/v2\/types\/page"}],"author":[{"embeddable":true,"href":"https:\/\/www.lafae.ufrj.br\/index.php\/wp-json\/wp\/v2\/users\/3"}],"replies":[{"embeddable":true,"href":"https:\/\/www.lafae.ufrj.br\/index.php\/wp-json\/wp\/v2\/comments?post=1304"}],"version-history":[{"count":10,"href":"https:\/\/www.lafae.ufrj.br\/index.php\/wp-json\/wp\/v2\/pages\/1304\/revisions"}],"predecessor-version":[{"id":1344,"href":"https:\/\/www.lafae.ufrj.br\/index.php\/wp-json\/wp\/v2\/pages\/1304\/revisions\/1344"}],"wp:attachment":[{"href":"https:\/\/www.lafae.ufrj.br\/index.php\/wp-json\/wp\/v2\/media?parent=1304"}],"curies":[{"name":"wp","href":"https:\/\/api.w.org\/{rel}","templated":true}]}}